{"id":6181,"date":"2026-01-15T13:59:49","date_gmt":"2026-01-15T13:59:49","guid":{"rendered":"https:\/\/egyptian-museums.com\/grand-egyptian-museum-location\/"},"modified":"2026-01-16T09:09:07","modified_gmt":"2026-01-16T09:09:07","slug":"grand-egyptian-museum-location","status":"publish","type":"page","link":"https:\/\/egyptian-museums.com\/de\/grand-egyptian-museum-location\/","title":{"rendered":"Lage des Gro\u00dfen \u00c4gyptischen Museums und Anreise?"},"content":{"rendered":"","protected":false},"excerpt":{"rendered":"","protected":false},"author":1,"featured_media":6173,"parent":0,"menu_order":0,"comment_status":"closed","ping_status":"closed","template":"","meta":{"footnotes":""},"class_list":["post-6181","page","type-page","status-publish","has-post-thumbnail","hentry"],"yoast_head":"<!-- This site is optimized with the Yoast SEO plugin v27.4 - https:\/\/yoast.com\/product\/yoast-seo-wordpress\/ -->\n<title>Standort des Gro\u00dfen \u00c4gyptischen Museums &amp; Anreise, Infos, Tipps<\/title>\n<meta name=\"description\" content=\"Das Gro\u00dfe \u00c4gyptische Museum befindet sich in Gizeh, \u00c4gypten. Erfahren Sie, Kairo, dem Flughafen und den Pyramiden dorthin gelangen.\" \/>\n<meta name=\"robots\" content=\"index, follow, max-snippet:-1, max-image-preview:large, max-video-preview:-1\" \/>\n<link rel=\"canonical\" href=\"https:\/\/egyptian-museums.com\/de\/grand-egyptian-museum-location\/\" \/>\n<meta property=\"og:locale\" content=\"de_DE\" \/>\n<meta property=\"og:type\" content=\"article\" \/>\n<meta property=\"og:title\" content=\"Standort des Gro\u00dfen \u00c4gyptischen Museums &amp; Anreise, Infos, Tipps\" \/>\n<meta property=\"og:description\" content=\"Das Gro\u00dfe \u00c4gyptische Museum befindet sich in Gizeh, \u00c4gypten. Erfahren Sie, Kairo, dem Flughafen und den Pyramiden dorthin gelangen.\" \/>\n<meta property=\"og:url\" content=\"https:\/\/egyptian-museums.com\/de\/grand-egyptian-museum-location\/\" \/>\n<meta property=\"og:site_name\" content=\"Egyptian Museums\" \/>\n<meta property=\"article:modified_time\" content=\"2026-01-16T09:09:07+00:00\" \/>\n<meta property=\"og:image\" content=\"https:\/\/egyptian-museums.com\/wp-content\/uploads\/2026\/01\/Hieroglyphic_decorations_on_the_walls_of_the_Grand_Egyptian_Museum-scaled.jpg\" \/>\n\t<meta property=\"og:image:width\" content=\"1925\" \/>\n\t<meta property=\"og:image:height\" content=\"2560\" \/>\n\t<meta property=\"og:image:type\" content=\"image\/jpeg\" \/>\n<meta name=\"twitter:card\" content=\"summary_large_image\" \/>\n<meta name=\"twitter:label1\" content=\"Gesch\u00e4tzte Lesezeit\" \/>\n\t<meta name=\"twitter:data1\" content=\"4\u00a0Minuten\" \/>\n<script type=\"application\/ld+json\" class=\"yoast-schema-graph\">{\"@context\":\"https:\\\/\\\/schema.org\",\"@graph\":[{\"@type\":\"WebPage\",\"@id\":\"https:\\\/\\\/egyptian-museums.com\\\/de\\\/grand-egyptian-museum-location\\\/\",\"url\":\"https:\\\/\\\/egyptian-museums.com\\\/de\\\/grand-egyptian-museum-location\\\/\",\"name\":\"Standort des Gro\u00dfen \u00c4gyptischen Museums & Anreise, Infos, Tipps\",\"isPartOf\":{\"@id\":\"https:\\\/\\\/egyptian-museums.com\\\/de\\\/#website\"},\"primaryImageOfPage\":{\"@id\":\"https:\\\/\\\/egyptian-museums.com\\\/de\\\/grand-egyptian-museum-location\\\/#primaryimage\"},\"image\":{\"@id\":\"https:\\\/\\\/egyptian-museums.com\\\/de\\\/grand-egyptian-museum-location\\\/#primaryimage\"},\"thumbnailUrl\":\"https:\\\/\\\/egyptian-museums.com\\\/wp-content\\\/uploads\\\/2026\\\/01\\\/Hieroglyphic_decorations_on_the_walls_of_the_Grand_Egyptian_Museum-scaled.jpg\",\"datePublished\":\"2026-01-15T13:59:49+00:00\",\"dateModified\":\"2026-01-16T09:09:07+00:00\",\"description\":\"Das Gro\u00dfe \u00c4gyptische Museum befindet sich in Gizeh, \u00c4gypten. Erfahren Sie, Kairo, dem Flughafen und den Pyramiden dorthin gelangen.\",\"breadcrumb\":{\"@id\":\"https:\\\/\\\/egyptian-museums.com\\\/de\\\/grand-egyptian-museum-location\\\/#breadcrumb\"},\"inLanguage\":\"de\",\"potentialAction\":[{\"@type\":\"ReadAction\",\"target\":[\"https:\\\/\\\/egyptian-museums.com\\\/de\\\/grand-egyptian-museum-location\\\/\"]}]},{\"@type\":\"ImageObject\",\"inLanguage\":\"de\",\"@id\":\"https:\\\/\\\/egyptian-museums.com\\\/de\\\/grand-egyptian-museum-location\\\/#primaryimage\",\"url\":\"https:\\\/\\\/egyptian-museums.com\\\/wp-content\\\/uploads\\\/2026\\\/01\\\/Hieroglyphic_decorations_on_the_walls_of_the_Grand_Egyptian_Museum-scaled.jpg\",\"contentUrl\":\"https:\\\/\\\/egyptian-museums.com\\\/wp-content\\\/uploads\\\/2026\\\/01\\\/Hieroglyphic_decorations_on_the_walls_of_the_Grand_Egyptian_Museum-scaled.jpg\",\"width\":1925,\"height\":2560},{\"@type\":\"BreadcrumbList\",\"@id\":\"https:\\\/\\\/egyptian-museums.com\\\/de\\\/grand-egyptian-museum-location\\\/#breadcrumb\",\"itemListElement\":[{\"@type\":\"ListItem\",\"position\":1,\"name\":\"Accueil\",\"item\":\"https:\\\/\\\/egyptian-museums.com\\\/de\\\/\"},{\"@type\":\"ListItem\",\"position\":2,\"name\":\"Lage des Gro\u00dfen \u00c4gyptischen Museums und Anreise?\"}]},{\"@type\":\"WebSite\",\"@id\":\"https:\\\/\\\/egyptian-museums.com\\\/de\\\/#website\",\"url\":\"https:\\\/\\\/egyptian-museums.com\\\/de\\\/\",\"name\":\"Egyptian Museums\",\"description\":\"Explore egyptians treasures\",\"publisher\":{\"@id\":\"https:\\\/\\\/egyptian-museums.com\\\/de\\\/#organization\"},\"potentialAction\":[{\"@type\":\"SearchAction\",\"target\":{\"@type\":\"EntryPoint\",\"urlTemplate\":\"https:\\\/\\\/egyptian-museums.com\\\/de\\\/?s={search_term_string}\"},\"query-input\":{\"@type\":\"PropertyValueSpecification\",\"valueRequired\":true,\"valueName\":\"search_term_string\"}}],\"inLanguage\":\"de\"},{\"@type\":\"Organization\",\"@id\":\"https:\\\/\\\/egyptian-museums.com\\\/de\\\/#organization\",\"name\":\"Egyptian Museums Tips\",\"url\":\"https:\\\/\\\/egyptian-museums.com\\\/de\\\/\",\"logo\":{\"@type\":\"ImageObject\",\"inLanguage\":\"de\",\"@id\":\"https:\\\/\\\/egyptian-museums.com\\\/de\\\/#\\\/schema\\\/logo\\\/image\\\/\",\"url\":\"https:\\\/\\\/egyptian-museums.com\\\/wp-content\\\/uploads\\\/2026\\\/01\\\/Logo-Egyptian-museums-T3.png\",\"contentUrl\":\"https:\\\/\\\/egyptian-museums.com\\\/wp-content\\\/uploads\\\/2026\\\/01\\\/Logo-Egyptian-museums-T3.png\",\"width\":300,\"height\":300,\"caption\":\"Egyptian Museums Tips\"},\"image\":{\"@id\":\"https:\\\/\\\/egyptian-museums.com\\\/de\\\/#\\\/schema\\\/logo\\\/image\\\/\"}}]}<\/script>\n<!-- \/ Yoast SEO plugin. -->","yoast_head_json":{"title":"Standort des Gro\u00dfen \u00c4gyptischen Museums & Anreise, Infos, Tipps","description":"Das Gro\u00dfe \u00c4gyptische Museum befindet sich in Gizeh, \u00c4gypten. Erfahren Sie, Kairo, dem Flughafen und den Pyramiden dorthin gelangen.","robots":{"index":"index","follow":"follow","max-snippet":"max-snippet:-1","max-image-preview":"max-image-preview:large","max-video-preview":"max-video-preview:-1"},"canonical":"https:\/\/egyptian-museums.com\/de\/grand-egyptian-museum-location\/","og_locale":"de_DE","og_type":"article","og_title":"Standort des Gro\u00dfen \u00c4gyptischen Museums & Anreise, Infos, Tipps","og_description":"Das Gro\u00dfe \u00c4gyptische Museum befindet sich in Gizeh, \u00c4gypten. Erfahren Sie, Kairo, dem Flughafen und den Pyramiden dorthin gelangen.","og_url":"https:\/\/egyptian-museums.com\/de\/grand-egyptian-museum-location\/","og_site_name":"Egyptian Museums","article_modified_time":"2026-01-16T09:09:07+00:00","og_image":[{"width":1925,"height":2560,"url":"https:\/\/egyptian-museums.com\/wp-content\/uploads\/2026\/01\/Hieroglyphic_decorations_on_the_walls_of_the_Grand_Egyptian_Museum-scaled.jpg","type":"image\/jpeg"}],"twitter_card":"summary_large_image","twitter_misc":{"Gesch\u00e4tzte Lesezeit":"4\u00a0Minuten"},"schema":{"@context":"https:\/\/schema.org","@graph":[{"@type":"WebPage","@id":"https:\/\/egyptian-museums.com\/de\/grand-egyptian-museum-location\/","url":"https:\/\/egyptian-museums.com\/de\/grand-egyptian-museum-location\/","name":"Standort des Gro\u00dfen \u00c4gyptischen Museums & Anreise, Infos, Tipps","isPartOf":{"@id":"https:\/\/egyptian-museums.com\/de\/#website"},"primaryImageOfPage":{"@id":"https:\/\/egyptian-museums.com\/de\/grand-egyptian-museum-location\/#primaryimage"},"image":{"@id":"https:\/\/egyptian-museums.com\/de\/grand-egyptian-museum-location\/#primaryimage"},"thumbnailUrl":"https:\/\/egyptian-museums.com\/wp-content\/uploads\/2026\/01\/Hieroglyphic_decorations_on_the_walls_of_the_Grand_Egyptian_Museum-scaled.jpg","datePublished":"2026-01-15T13:59:49+00:00","dateModified":"2026-01-16T09:09:07+00:00","description":"Das Gro\u00dfe \u00c4gyptische Museum befindet sich in Gizeh, \u00c4gypten. Erfahren Sie, Kairo, dem Flughafen und den Pyramiden dorthin gelangen.","breadcrumb":{"@id":"https:\/\/egyptian-museums.com\/de\/grand-egyptian-museum-location\/#breadcrumb"},"inLanguage":"de","potentialAction":[{"@type":"ReadAction","target":["https:\/\/egyptian-museums.com\/de\/grand-egyptian-museum-location\/"]}]},{"@type":"ImageObject","inLanguage":"de","@id":"https:\/\/egyptian-museums.com\/de\/grand-egyptian-museum-location\/#primaryimage","url":"https:\/\/egyptian-museums.com\/wp-content\/uploads\/2026\/01\/Hieroglyphic_decorations_on_the_walls_of_the_Grand_Egyptian_Museum-scaled.jpg","contentUrl":"https:\/\/egyptian-museums.com\/wp-content\/uploads\/2026\/01\/Hieroglyphic_decorations_on_the_walls_of_the_Grand_Egyptian_Museum-scaled.jpg","width":1925,"height":2560},{"@type":"BreadcrumbList","@id":"https:\/\/egyptian-museums.com\/de\/grand-egyptian-museum-location\/#breadcrumb","itemListElement":[{"@type":"ListItem","position":1,"name":"Accueil","item":"https:\/\/egyptian-museums.com\/de\/"},{"@type":"ListItem","position":2,"name":"Lage des Gro\u00dfen \u00c4gyptischen Museums und Anreise?"}]},{"@type":"WebSite","@id":"https:\/\/egyptian-museums.com\/de\/#website","url":"https:\/\/egyptian-museums.com\/de\/","name":"Egyptian Museums","description":"Explore egyptians treasures","publisher":{"@id":"https:\/\/egyptian-museums.com\/de\/#organization"},"potentialAction":[{"@type":"SearchAction","target":{"@type":"EntryPoint","urlTemplate":"https:\/\/egyptian-museums.com\/de\/?s={search_term_string}"},"query-input":{"@type":"PropertyValueSpecification","valueRequired":true,"valueName":"search_term_string"}}],"inLanguage":"de"},{"@type":"Organization","@id":"https:\/\/egyptian-museums.com\/de\/#organization","name":"Egyptian Museums Tips","url":"https:\/\/egyptian-museums.com\/de\/","logo":{"@type":"ImageObject","inLanguage":"de","@id":"https:\/\/egyptian-museums.com\/de\/#\/schema\/logo\/image\/","url":"https:\/\/egyptian-museums.com\/wp-content\/uploads\/2026\/01\/Logo-Egyptian-museums-T3.png","contentUrl":"https:\/\/egyptian-museums.com\/wp-content\/uploads\/2026\/01\/Logo-Egyptian-museums-T3.png","width":300,"height":300,"caption":"Egyptian Museums Tips"},"image":{"@id":"https:\/\/egyptian-museums.com\/de\/#\/schema\/logo\/image\/"}}]}},"_links":{"self":[{"href":"https:\/\/egyptian-museums.com\/de\/wp-json\/wp\/v2\/pages\/6181","targetHints":{"allow":["GET"]}}],"collection":[{"href":"https:\/\/egyptian-museums.com\/de\/wp-json\/wp\/v2\/pages"}],"about":[{"href":"https:\/\/egyptian-museums.com\/de\/wp-json\/wp\/v2\/types\/page"}],"author":[{"embeddable":true,"href":"https:\/\/egyptian-museums.com\/de\/wp-json\/wp\/v2\/users\/1"}],"replies":[{"embeddable":true,"href":"https:\/\/egyptian-museums.com\/de\/wp-json\/wp\/v2\/comments?post=6181"}],"version-history":[{"count":3,"href":"https:\/\/egyptian-museums.com\/de\/wp-json\/wp\/v2\/pages\/6181\/revisions"}],"predecessor-version":[{"id":6358,"href":"https:\/\/egyptian-museums.com\/de\/wp-json\/wp\/v2\/pages\/6181\/revisions\/6358"}],"wp:featuredmedia":[{"embeddable":true,"href":"https:\/\/egyptian-museums.com\/de\/wp-json\/wp\/v2\/media\/6173"}],"wp:attachment":[{"href":"https:\/\/egyptian-museums.com\/de\/wp-json\/wp\/v2\/media?parent=6181"}],"curies":[{"name":"wp","href":"https:\/\/api.w.org\/{rel}","templated":true}]}}